{"id":12,"date":"2025-06-19T16:51:56","date_gmt":"2025-06-19T14:51:56","guid":{"rendered":"https:\/\/marinagh.adrirodrigoa4.es\/?page_id=12"},"modified":"2026-02-16T12:08:47","modified_gmt":"2026-02-16T11:08:47","slug":"cookies","status":"publish","type":"page","link":"https:\/\/marinagh.adrirodrigoa4.es\/en\/cookies\/","title":{"rendered":"Cookie Policy"},"content":{"rendered":"<style>.elementor-12 .elementor-element.elementor-element-12b82e1{--display:flex;--flex-direction:row;--container-widget-width:calc( ( 1 - var( --container-widget-flex-grow ) ) * 100% );--container-widget-height:100%;--container-widget-flex-grow:1;--container-widget-align-self:stretch;--flex-wrap-mobile:wrap;--justify-content:center;--align-items:center;--gap:0px 0px;--row-gap:0px;--column-gap:0px;--flex-wrap:wrap;--padding-top:0px;--padding-bottom:204px;--padding-left:30px;--padding-right:30px;}.elementor-12 .elementor-element.elementor-element-12b82e1:not(.elementor-motion-effects-element-type-background), .elementor-12 .elementor-element.elementor-element-12b82e1 > .elementor-motion-effects-container > .elementor-motion-effects-layer{background-color:var( --e-global-color-c981220 );}.elementor-12 .elementor-element.elementor-element-b720ab7{--display:flex;--flex-direction:row;--container-widget-width:calc( ( 1 - var( --container-widget-flex-grow ) ) * 100% );--container-widget-height:100%;--container-widget-flex-grow:1;--container-widget-align-self:stretch;--flex-wrap-mobile:wrap;--justify-content:center;--align-items:center;--overlay-opacity:1;--padding-top:120px;--padding-bottom:0px;--padding-left:40px;--padding-right:40px;}.elementor-12 .elementor-element.elementor-element-b720ab7:not(.elementor-motion-effects-element-type-background), .elementor-12 .elementor-element.elementor-element-b720ab7 > .elementor-motion-effects-container > .elementor-motion-effects-layer{background-color:var( --e-global-color-a620117 );background-image:url(\"https:\/\/marinagh.adrirodrigoa4.es\/wp-content\/uploads\/2026\/02\/SErvice-shape1.png\");background-position:center right;background-repeat:no-repeat;background-size:cover;}.elementor-12 .elementor-element.elementor-element-b720ab7::before, .elementor-12 .elementor-element.elementor-element-b720ab7 > .elementor-background-video-container::before, .elementor-12 .elementor-element.elementor-element-b720ab7 > .e-con-inner > .elementor-background-video-container::before, .elementor-12 .elementor-element.elementor-element-b720ab7 > .elementor-background-slideshow::before, .elementor-12 .elementor-element.elementor-element-b720ab7 > .e-con-inner > .elementor-background-slideshow::before, .elementor-12 .elementor-element.elementor-element-b720ab7 > .elementor-motion-effects-container > .elementor-motion-effects-layer::before{--background-overlay:'';background-image:url(\"https:\/\/marinagh.adrirodrigoa4.es\/wp-content\/uploads\/2026\/02\/Border.png\");background-position:center center;background-repeat:no-repeat;background-size:cover;}.elementor-12 .elementor-element.elementor-element-56e6157{--display:flex;--align-items:center;--container-widget-width:calc( ( 1 - var( --container-widget-flex-grow ) ) * 100% );--padding-top:0px;--padding-bottom:0px;--padding-left:0px;--padding-right:0px;}.elementor-12 .elementor-element.elementor-element-4f1fad6 .elementor-heading-title{font-family:var( --e-global-typography-7ca1d8a-font-family );font-size:var( --e-global-typography-7ca1d8a-font-size );font-weight:var( --e-global-typography-7ca1d8a-font-weight );text-transform:var( --e-global-typography-7ca1d8a-text-transform );font-style:var( --e-global-typography-7ca1d8a-font-style );text-decoration:var( --e-global-typography-7ca1d8a-text-decoration );line-height:var( --e-global-typography-7ca1d8a-line-height );letter-spacing:var( --e-global-typography-7ca1d8a-letter-spacing );word-spacing:var( --e-global-typography-7ca1d8a-word-spacing );color:var( --e-global-color-primary );}.elementor-12 .elementor-element.elementor-element-4f1fad6 > .elementor-widget-container{margin:0px 0px 20px 0px;}.elementor-12 .elementor-element.elementor-element-f4713dc{--display:flex;--flex-direction:column;--container-widget-width:100%;--container-widget-height:initial;--container-widget-flex-grow:0;--container-widget-align-self:initial;--flex-wrap-mobile:wrap;}@media(max-width:1399px){.elementor-12 .elementor-element.elementor-element-12b82e1{--padding-top:0px;--padding-bottom:0px;--padding-left:20px;--padding-right:20px;}.elementor-12 .elementor-element.elementor-element-b720ab7:not(.elementor-motion-effects-element-type-background), .elementor-12 .elementor-element.elementor-element-b720ab7 > .elementor-motion-effects-container > .elementor-motion-effects-layer{background-position:center center;}.elementor-12 .elementor-element.elementor-element-b720ab7{--padding-top:50px;--padding-bottom:20px;--padding-left:20px;--padding-right:20px;}.elementor-12 .elementor-element.elementor-element-4f1fad6 .elementor-heading-title{font-size:var( --e-global-typography-7ca1d8a-font-size );line-height:var( --e-global-typography-7ca1d8a-line-height );letter-spacing:var( --e-global-typography-7ca1d8a-letter-spacing );word-spacing:var( --e-global-typography-7ca1d8a-word-spacing );}}@media(max-width:1199px){.elementor-12 .elementor-element.elementor-element-b720ab7{--padding-top:50px;--padding-bottom:50px;--padding-left:20px;--padding-right:20px;}}@media(max-width:992px){.elementor-12 .elementor-element.elementor-element-12b82e1{--flex-direction:column;--container-widget-width:100%;--container-widget-height:initial;--container-widget-flex-grow:0;--container-widget-align-self:initial;--flex-wrap-mobile:wrap;}.elementor-12 .elementor-element.elementor-element-b720ab7:not(.elementor-motion-effects-element-type-background), .elementor-12 .elementor-element.elementor-element-b720ab7 > .elementor-motion-effects-container > .elementor-motion-effects-layer{background-position:center center;}.elementor-12 .elementor-element.elementor-element-4f1fad6 .elementor-heading-title{font-size:var( --e-global-typography-7ca1d8a-font-size );line-height:var( --e-global-typography-7ca1d8a-line-height );letter-spacing:var( --e-global-typography-7ca1d8a-letter-spacing );word-spacing:var( --e-global-typography-7ca1d8a-word-spacing );}}@media(max-width:768px){.elementor-12 .elementor-element.elementor-element-12b82e1{--padding-top:0px;--padding-bottom:0px;--padding-left:0px;--padding-right:0px;}.elementor-12 .elementor-element.elementor-element-b720ab7:not(.elementor-motion-effects-element-type-background), .elementor-12 .elementor-element.elementor-element-b720ab7 > .elementor-motion-effects-container > .elementor-motion-effects-layer{background-position:center center;}.elementor-12 .elementor-element.elementor-element-b720ab7{--padding-top:30px;--padding-bottom:20px;--padding-left:10px;--padding-right:10px;}}@media(max-width:575px){.elementor-12 .elementor-element.elementor-element-b720ab7:not(.elementor-motion-effects-element-type-background), .elementor-12 .elementor-element.elementor-element-b720ab7 > .elementor-motion-effects-container > .elementor-motion-effects-layer{background-position:center center;}.elementor-12 .elementor-element.elementor-element-b720ab7{--padding-top:20px;--padding-bottom:0px;--padding-left:0px;--padding-right:0px;}.elementor-12 .elementor-element.elementor-element-56e6157{--padding-top:10px;--padding-bottom:10px;--padding-left:10px;--padding-right:10px;}.elementor-12 .elementor-element.elementor-element-4f1fad6{text-align:center;}.elementor-12 .elementor-element.elementor-element-4f1fad6 .elementor-heading-title{font-size:var( --e-global-typography-7ca1d8a-font-size );line-height:var( --e-global-typography-7ca1d8a-line-height );letter-spacing:var( --e-global-typography-7ca1d8a-letter-spacing );word-spacing:var( --e-global-typography-7ca1d8a-word-spacing );}.elementor-12 .elementor-element.elementor-element-4f1fad6 > .elementor-widget-container{margin:0px 0px 0px 0px;}}@media(min-width:576px){.elementor-12 .elementor-element.elementor-element-12b82e1{--content-width:1920px;}.elementor-12 .elementor-element.elementor-element-b720ab7{--width:1820px;}.elementor-12 .elementor-element.elementor-element-56e6157{--width:1320px;}}@media(max-width:1399px) and (min-width:576px){.elementor-12 .elementor-element.elementor-element-12b82e1{--content-width:100%;}}@media(max-width:992px) and (min-width:576px){.elementor-12 .elementor-element.elementor-element-12b82e1{--content-width:95%;}.elementor-12 .elementor-element.elementor-element-b720ab7{--width:100%;}}@media(max-width:768px) and (min-width:576px){.elementor-12 .elementor-element.elementor-element-12b82e1{--content-width:90%;}}@media(min-width:1400px){.elementor-12 .elementor-element.elementor-element-b720ab7:not(.elementor-motion-effects-element-type-background), .elementor-12 .elementor-element.elementor-element-b720ab7 > .elementor-motion-effects-container > .elementor-motion-effects-layer{background-attachment:fixed;}.elementor-12 .elementor-element.elementor-element-b720ab7::before, .elementor-12 .elementor-element.elementor-element-b720ab7 > .elementor-background-video-container::before, .elementor-12 .elementor-element.elementor-element-b720ab7 > .e-con-inner > .elementor-background-video-container::before, .elementor-12 .elementor-element.elementor-element-b720ab7 > .elementor-background-slideshow::before, .elementor-12 .elementor-element.elementor-element-b720ab7 > .e-con-inner > .elementor-background-slideshow::before, .elementor-12 .elementor-element.elementor-element-b720ab7 > .elementor-motion-effects-container > .elementor-motion-effects-layer::before{background-attachment:fixed;}}<\/style>\t\t<div data-elementor-type=\"wp-page\" data-elementor-id=\"12\" class=\"elementor elementor-12\" data-elementor-post-type=\"page\">\n\t\t\t\t<div class=\"elementor-element elementor-element-12b82e1 e-flex e-con-boxed e-con e-parent\" data-id=\"12b82e1\" data-element_type=\"container\" data-e-type=\"container\" data-settings=\"{&quot;background_background&quot;:&quot;classic&quot;}\">\n\t\t\t\t\t<div class=\"e-con-inner\">\n\t\t<div class=\"elementor-element elementor-element-b720ab7 e-con-full e-flex e-con e-child\" data-id=\"b720ab7\" data-element_type=\"container\" data-e-type=\"container\" data-settings=\"{&quot;background_background&quot;:&quot;classic&quot;}\">\n\t\t<div class=\"elementor-element elementor-element-56e6157 e-con-full e-flex e-con e-child\" data-id=\"56e6157\" data-element_type=\"container\" data-e-type=\"container\">\n\t\t\t\t<div class=\"elementor-element elementor-element-4f1fad6 elementor-widget elementor-widget-heading\" data-id=\"4f1fad6\" data-element_type=\"widget\" data-e-type=\"widget\" data-widget_type=\"heading.default\">\n\t\t\t\t<div class=\"elementor-widget-container\">\n\t\t\t\t\t<h1 class=\"elementor-heading-title elementor-size-default\">Cookie Policy<\/h1>\t\t\t\t<\/div>\n\t\t\t\t<\/div>\n\t\t\t\t<\/div>\n\t\t\t\t<\/div>\n\t\t\t\t\t<\/div>\n\t\t\t\t<\/div>\n\t\t<div class=\"elementor-element elementor-element-f4713dc e-con-full e-flex e-con e-parent\" data-id=\"f4713dc\" data-element_type=\"container\" data-e-type=\"container\">\n\t\t\t\t<div class=\"elementor-element elementor-element-cf21372 elementor-widget elementor-widget-text-editor\" data-id=\"cf21372\" data-element_type=\"widget\" data-e-type=\"widget\" data-widget_type=\"text-editor.default\">\n\t\t\t\t<div class=\"elementor-widget-container\">\n\t\t\t\t\t\t\t\t\t<p>Lorem ipsum dolor sit amet, consectetur adipiscing elit. Ut elit tellus, luctus nec ullamcorper mattis, pulvinar dapibus leo.<\/p>\t\t\t\t\t\t\t\t<\/div>\n\t\t\t\t<\/div>\n\t\t\t\t<\/div>\n\t\t\t\t<\/div>","protected":false},"excerpt":{"rendered":"<p>Pol\u00edtica de cookies Lorem ipsum dolor sit amet, consectetur adipiscing elit. Ut elit tellus, luctus nec ullamcorper mattis, pulvinar dapibus leo.<\/p>","protected":false},"author":2,"featured_media":0,"parent":0,"menu_order":0,"comment_status":"closed","ping_status":"closed","template":"","meta":{"footnotes":""},"class_list":["post-12","page","type-page","status-publish","hentry"],"yoast_head":"<!-- This site is optimized with the Yoast SEO plugin v27.3 - https:\/\/yoast.com\/product\/yoast-seo-wordpress\/ -->\n<title>Pol\u00edtica de cookies - Marina G\u00f3mez Consultor\u00eda<\/title>\n<meta name=\"robots\" content=\"noindex, follow\" \/>\n<meta property=\"og:locale\" content=\"en_US\" \/>\n<meta property=\"og:type\" content=\"article\" \/>\n<meta property=\"og:title\" content=\"Pol\u00edtica de cookies - Marina G\u00f3mez Consultor\u00eda\" \/>\n<meta property=\"og:description\" content=\"Pol\u00edtica de cookies Lorem ipsum dolor sit amet, consectetur adipiscing elit. Ut elit tellus, luctus nec ullamcorper mattis, pulvinar dapibus leo.\" \/>\n<meta property=\"og:url\" content=\"https:\/\/marinagh.adrirodrigoa4.es\/en\/cookies\/\" \/>\n<meta property=\"og:site_name\" content=\"Marina G\u00f3mez Consultor\u00eda\" \/>\n<meta property=\"article:modified_time\" content=\"2026-02-16T11:08:47+00:00\" \/>\n<meta name=\"twitter:card\" content=\"summary_large_image\" \/>\n<meta name=\"twitter:label1\" content=\"Est. reading time\" \/>\n\t<meta name=\"twitter:data1\" content=\"1 minute\" \/>\n<script type=\"application\/ld+json\" class=\"yoast-schema-graph\">{\"@context\":\"https:\\\/\\\/schema.org\",\"@graph\":[{\"@type\":\"WebPage\",\"@id\":\"https:\\\/\\\/marinagh.adrirodrigoa4.es\\\/cookies\\\/\",\"url\":\"https:\\\/\\\/marinagh.adrirodrigoa4.es\\\/cookies\\\/\",\"name\":\"Pol\u00edtica de cookies - Marina G\u00f3mez Consultor\u00eda\",\"isPartOf\":{\"@id\":\"https:\\\/\\\/marinagh.adrirodrigoa4.es\\\/#website\"},\"datePublished\":\"2025-06-19T14:51:56+00:00\",\"dateModified\":\"2026-02-16T11:08:47+00:00\",\"breadcrumb\":{\"@id\":\"https:\\\/\\\/marinagh.adrirodrigoa4.es\\\/cookies\\\/#breadcrumb\"},\"inLanguage\":\"en-US\",\"potentialAction\":[{\"@type\":\"ReadAction\",\"target\":[\"https:\\\/\\\/marinagh.adrirodrigoa4.es\\\/cookies\\\/\"]}]},{\"@type\":\"BreadcrumbList\",\"@id\":\"https:\\\/\\\/marinagh.adrirodrigoa4.es\\\/cookies\\\/#breadcrumb\",\"itemListElement\":[{\"@type\":\"ListItem\",\"position\":1,\"name\":\"Portada\",\"item\":\"https:\\\/\\\/marinagh.adrirodrigoa4.es\\\/\"},{\"@type\":\"ListItem\",\"position\":2,\"name\":\"Pol\u00edtica de cookies\"}]},{\"@type\":\"WebSite\",\"@id\":\"https:\\\/\\\/marinagh.adrirodrigoa4.es\\\/#website\",\"url\":\"https:\\\/\\\/marinagh.adrirodrigoa4.es\\\/\",\"name\":\"Marina G\u00f3mez Consultor\u00eda\",\"description\":\"\",\"publisher\":{\"@id\":\"https:\\\/\\\/marinagh.adrirodrigoa4.es\\\/#organization\"},\"potentialAction\":[{\"@type\":\"SearchAction\",\"target\":{\"@type\":\"EntryPoint\",\"urlTemplate\":\"https:\\\/\\\/marinagh.adrirodrigoa4.es\\\/?s={search_term_string}\"},\"query-input\":{\"@type\":\"PropertyValueSpecification\",\"valueRequired\":true,\"valueName\":\"search_term_string\"}}],\"inLanguage\":\"en-US\"},{\"@type\":\"Organization\",\"@id\":\"https:\\\/\\\/marinagh.adrirodrigoa4.es\\\/#organization\",\"name\":\"Marina G\u00f3mez Consultor\u00eda\",\"url\":\"https:\\\/\\\/marinagh.adrirodrigoa4.es\\\/\",\"logo\":{\"@type\":\"ImageObject\",\"inLanguage\":\"en-US\",\"@id\":\"https:\\\/\\\/marinagh.adrirodrigoa4.es\\\/#\\\/schema\\\/logo\\\/image\\\/\",\"url\":\"https:\\\/\\\/marinagh.adrirodrigoa4.es\\\/wp-content\\\/uploads\\\/2026\\\/02\\\/cropped-ChatGPT-Image-12-feb-2026-14_52_21.png\",\"contentUrl\":\"https:\\\/\\\/marinagh.adrirodrigoa4.es\\\/wp-content\\\/uploads\\\/2026\\\/02\\\/cropped-ChatGPT-Image-12-feb-2026-14_52_21.png\",\"width\":1535,\"height\":438,\"caption\":\"Marina G\u00f3mez Consultor\u00eda\"},\"image\":{\"@id\":\"https:\\\/\\\/marinagh.adrirodrigoa4.es\\\/#\\\/schema\\\/logo\\\/image\\\/\"}}]}<\/script>\n<!-- \/ Yoast SEO plugin. -->","yoast_head_json":{"title":"Pol\u00edtica de cookies - Marina G\u00f3mez Consultor\u00eda","robots":{"index":"noindex","follow":"follow"},"og_locale":"en_US","og_type":"article","og_title":"Pol\u00edtica de cookies - Marina G\u00f3mez Consultor\u00eda","og_description":"Pol\u00edtica de cookies Lorem ipsum dolor sit amet, consectetur adipiscing elit. Ut elit tellus, luctus nec ullamcorper mattis, pulvinar dapibus leo.","og_url":"https:\/\/marinagh.adrirodrigoa4.es\/en\/cookies\/","og_site_name":"Marina G\u00f3mez Consultor\u00eda","article_modified_time":"2026-02-16T11:08:47+00:00","twitter_card":"summary_large_image","twitter_misc":{"Est. reading time":"1 minute"},"schema":{"@context":"https:\/\/schema.org","@graph":[{"@type":"WebPage","@id":"https:\/\/marinagh.adrirodrigoa4.es\/cookies\/","url":"https:\/\/marinagh.adrirodrigoa4.es\/cookies\/","name":"Pol\u00edtica de cookies - Marina G\u00f3mez Consultor\u00eda","isPartOf":{"@id":"https:\/\/marinagh.adrirodrigoa4.es\/#website"},"datePublished":"2025-06-19T14:51:56+00:00","dateModified":"2026-02-16T11:08:47+00:00","breadcrumb":{"@id":"https:\/\/marinagh.adrirodrigoa4.es\/cookies\/#breadcrumb"},"inLanguage":"en-US","potentialAction":[{"@type":"ReadAction","target":["https:\/\/marinagh.adrirodrigoa4.es\/cookies\/"]}]},{"@type":"BreadcrumbList","@id":"https:\/\/marinagh.adrirodrigoa4.es\/cookies\/#breadcrumb","itemListElement":[{"@type":"ListItem","position":1,"name":"Portada","item":"https:\/\/marinagh.adrirodrigoa4.es\/"},{"@type":"ListItem","position":2,"name":"Pol\u00edtica de cookies"}]},{"@type":"WebSite","@id":"https:\/\/marinagh.adrirodrigoa4.es\/#website","url":"https:\/\/marinagh.adrirodrigoa4.es\/","name":"Marina G\u00f3mez Consultor\u00eda","description":"","publisher":{"@id":"https:\/\/marinagh.adrirodrigoa4.es\/#organization"},"potentialAction":[{"@type":"SearchAction","target":{"@type":"EntryPoint","urlTemplate":"https:\/\/marinagh.adrirodrigoa4.es\/?s={search_term_string}"},"query-input":{"@type":"PropertyValueSpecification","valueRequired":true,"valueName":"search_term_string"}}],"inLanguage":"en-US"},{"@type":"Organization","@id":"https:\/\/marinagh.adrirodrigoa4.es\/#organization","name":"Marina G\u00f3mez Consultor\u00eda","url":"https:\/\/marinagh.adrirodrigoa4.es\/","logo":{"@type":"ImageObject","inLanguage":"en-US","@id":"https:\/\/marinagh.adrirodrigoa4.es\/#\/schema\/logo\/image\/","url":"https:\/\/marinagh.adrirodrigoa4.es\/wp-content\/uploads\/2026\/02\/cropped-ChatGPT-Image-12-feb-2026-14_52_21.png","contentUrl":"https:\/\/marinagh.adrirodrigoa4.es\/wp-content\/uploads\/2026\/02\/cropped-ChatGPT-Image-12-feb-2026-14_52_21.png","width":1535,"height":438,"caption":"Marina G\u00f3mez Consultor\u00eda"},"image":{"@id":"https:\/\/marinagh.adrirodrigoa4.es\/#\/schema\/logo\/image\/"}}]}},"_links":{"self":[{"href":"https:\/\/marinagh.adrirodrigoa4.es\/en\/wp-json\/wp\/v2\/pages\/12","targetHints":{"allow":["GET"]}}],"collection":[{"href":"https:\/\/marinagh.adrirodrigoa4.es\/en\/wp-json\/wp\/v2\/pages"}],"about":[{"href":"https:\/\/marinagh.adrirodrigoa4.es\/en\/wp-json\/wp\/v2\/types\/page"}],"author":[{"embeddable":true,"href":"https:\/\/marinagh.adrirodrigoa4.es\/en\/wp-json\/wp\/v2\/users\/2"}],"replies":[{"embeddable":true,"href":"https:\/\/marinagh.adrirodrigoa4.es\/en\/wp-json\/wp\/v2\/comments?post=12"}],"version-history":[{"count":5,"href":"https:\/\/marinagh.adrirodrigoa4.es\/en\/wp-json\/wp\/v2\/pages\/12\/revisions"}],"predecessor-version":[{"id":289,"href":"https:\/\/marinagh.adrirodrigoa4.es\/en\/wp-json\/wp\/v2\/pages\/12\/revisions\/289"}],"wp:attachment":[{"href":"https:\/\/marinagh.adrirodrigoa4.es\/en\/wp-json\/wp\/v2\/media?parent=12"}],"curies":[{"name":"wp","href":"https:\/\/api.w.org\/{rel}","templated":true}]}}